{"id":18,"date":"2021-11-09T09:41:35","date_gmt":"2021-11-09T08:41:35","guid":{"rendered":"https:\/\/creaelteuviatge.sagales.com\/?page_id=18"},"modified":"2022-03-03T16:45:26","modified_gmt":"2022-03-03T15:45:26","slug":"inicio","status":"publish","type":"page","link":"https:\/\/creaelteuviatge.sagales.com\/es\/","title":{"rendered":"Inicio"},"content":{"rendered":"\t\t<div data-elementor-type=\"wp-page\" data-elementor-id=\"18\" class=\"elementor elementor-18\" data-elementor-post-type=\"page\">\n\t\t\t\t\t\t<section class=\"elementor-section elementor-top-section elementor-element elementor-element-0db7fd1 elementor-section-boxed elementor-section-height-default elementor-section-height-default\" data-id=\"0db7fd1\" data-element_type=\"section\" data-e-type=\"section\" data-settings=\"{&quot;background_background&quot;:&quot;gradient&quot;}\">\n\t\t\t\t\t\t<div class=\"elementor-container elementor-column-gap-no\">\n\t\t\t\t\t<div class=\"elementor-column elementor-col-100 elementor-top-column elementor-element elementor-element-03ab92b\" data-id=\"03ab92b\" data-element_type=\"column\" data-e-type=\"column\">\n\t\t\t<div class=\"elementor-widget-wrap elementor-element-populated\">\n\t\t\t\t\t\t<div class=\"elementor-element elementor-element-ada0042 elementor-align-center elementor-widget elementor-widget-lottie\" data-id=\"ada0042\" data-element_type=\"widget\" data-e-type=\"widget\" data-settings=\"{&quot;source_json&quot;:{&quot;url&quot;:&quot;https:\\\/\\\/creaelteuviatge.sagales.com\\\/wp-content\\\/uploads\\\/data-es.json&quot;,&quot;id&quot;:&quot;&quot;,&quot;size&quot;:&quot;&quot;,&quot;source&quot;:&quot;url&quot;},&quot;loop&quot;:&quot;yes&quot;,&quot;link_to&quot;:&quot;custom&quot;,&quot;custom_link&quot;:{&quot;url&quot;:&quot;\\\/es\\\/postales\\\/&quot;,&quot;is_external&quot;:&quot;&quot;,&quot;nofollow&quot;:&quot;&quot;,&quot;custom_attributes&quot;:&quot;&quot;},&quot;source&quot;:&quot;media_file&quot;,&quot;caption_source&quot;:&quot;none&quot;,&quot;trigger&quot;:&quot;arriving_to_viewport&quot;,&quot;viewport&quot;:{&quot;unit&quot;:&quot;%&quot;,&quot;size&quot;:&quot;&quot;,&quot;sizes&quot;:{&quot;start&quot;:0,&quot;end&quot;:100}},&quot;play_speed&quot;:{&quot;unit&quot;:&quot;px&quot;,&quot;size&quot;:1,&quot;sizes&quot;:[]},&quot;start_point&quot;:{&quot;unit&quot;:&quot;%&quot;,&quot;size&quot;:0,&quot;sizes&quot;:[]},&quot;end_point&quot;:{&quot;unit&quot;:&quot;%&quot;,&quot;size&quot;:100,&quot;sizes&quot;:[]},&quot;renderer&quot;:&quot;svg&quot;}\" data-widget_type=\"lottie.default\">\n\t\t\t\t<div class=\"elementor-widget-container\">\n\t\t\t\t\t<a class=\"e-lottie__container__link\" href=\"\/es\/postales\/\"><div class=\"e-lottie__container\"><div class=\"e-lottie__animation\"><\/div><\/div><\/a>\t\t\t\t<\/div>\n\t\t\t\t<\/div>\n\t\t\t\t<div class=\"elementor-element elementor-element-4022cae elementor-align-center elementor-absolute elementor-widget elementor-widget-button\" data-id=\"4022cae\" data-element_type=\"widget\" data-e-type=\"widget\" data-settings=\"{&quot;_position&quot;:&quot;absolute&quot;}\" data-widget_type=\"button.default\">\n\t\t\t\t<div class=\"elementor-widget-container\">\n\t\t\t\t\t\t\t\t\t<div class=\"elementor-button-wrapper\">\n\t\t\t\t\t<a class=\"elementor-button elementor-button-link elementor-size-sm\" href=\"\/es\/postales\/\">\n\t\t\t\t\t\t<span class=\"elementor-button-content-wrapper\">\n\t\t\t\t\t\t\t\t\t<span class=\"elementor-button-text\">DISE\u00d1A<br>TU MUNDO SAGAL\u00c9S<\/span>\n\t\t\t\t\t<\/span>\n\t\t\t\t\t<\/a>\n\t\t\t\t<\/div>\n\t\t\t\t\t\t\t\t<\/div>\n\t\t\t\t<\/div>\n\t\t\t\t\t<\/div>\n\t\t<\/div>\n\t\t\t\t\t<\/div>\n\t\t<\/section>\n\t\t\t\t<section class=\"elementor-section elementor-top-section elementor-element elementor-element-19eb09d elementor-section-boxed elementor-section-height-default elementor-section-height-default\" data-id=\"19eb09d\" data-element_type=\"section\" data-e-type=\"section\" data-settings=\"{&quot;background_background&quot;:&quot;classic&quot;}\">\n\t\t\t\t\t\t<div class=\"elementor-container elementor-column-gap-no\">\n\t\t\t\t\t<div class=\"elementor-column elementor-col-100 elementor-top-column elementor-element elementor-element-2fbc6ff\" data-id=\"2fbc6ff\" data-element_type=\"column\" data-e-type=\"column\">\n\t\t\t<div class=\"elementor-widget-wrap elementor-element-populated\">\n\t\t\t\t\t\t<div class=\"elementor-element elementor-element-b20839d elementor-widget elementor-widget-heading\" data-id=\"b20839d\" data-element_type=\"widget\" data-e-type=\"widget\" data-widget_type=\"heading.default\">\n\t\t\t\t<div class=\"elementor-widget-container\">\n\t\t\t\t\t<h2 class=\"elementor-heading-title elementor-size-default\">Sagal\u00e9s es transporte y movilidad. Estamos presentes en muchos territorios y operamos muchos tipos de servicios. Entra en nuestro mundo y juega con nosotros a crear tu viaje.<\/h2>\t\t\t\t<\/div>\n\t\t\t\t<\/div>\n\t\t\t\t<section class=\"elementor-section elementor-inner-section elementor-element elementor-element-2088d34 elementor-section-boxed elementor-section-height-default elementor-section-height-default\" data-id=\"2088d34\" data-element_type=\"section\" data-e-type=\"section\">\n\t\t\t\t\t\t<div class=\"elementor-container elementor-column-gap-default\">\n\t\t\t\t\t<div class=\"elementor-column elementor-col-33 elementor-inner-column elementor-element elementor-element-e0d785e animated-slow elementor-invisible\" data-id=\"e0d785e\" data-element_type=\"column\" data-e-type=\"column\" data-settings=\"{&quot;animation&quot;:&quot;fadeIn&quot;,&quot;animation_delay&quot;:150}\">\n\t\t\t<div class=\"elementor-widget-wrap elementor-element-populated\">\n\t\t\t\t\t\t<div class=\"elementor-element elementor-element-ad44199 elementor-widget elementor-widget-text-editor\" data-id=\"ad44199\" data-element_type=\"widget\" data-e-type=\"widget\" data-widget_type=\"text-editor.default\">\n\t\t\t\t<div class=\"elementor-widget-container\">\n\t\t\t\t\t\t\t\t\t1. Escoge un escenario de entre todos los territorios donde Sagal\u00e9s est\u00e1 presente.\t\t\t\t\t\t\t\t<\/div>\n\t\t\t\t<\/div>\n\t\t\t\t<div class=\"elementor-element elementor-element-88d950e elementor-widget elementor-widget-image\" data-id=\"88d950e\" data-element_type=\"widget\" data-e-type=\"widget\" data-widget_type=\"image.default\">\n\t\t\t\t<div class=\"elementor-widget-container\">\n\t\t\t\t\t\t\t\t\t\t\t\t\t\t\t<img fetchpriority=\"high\" decoding=\"async\" width=\"800\" height=\"800\" src=\"https:\/\/creaelteuviatge.sagales.com\/wp-content\/uploads\/faro.svg\" class=\"attachment-large size-large wp-image-1723\" alt=\"\" \/>\t\t\t\t\t\t\t\t\t\t\t\t\t\t\t<\/div>\n\t\t\t\t<\/div>\n\t\t\t\t\t<\/div>\n\t\t<\/div>\n\t\t\t\t<div class=\"elementor-column elementor-col-33 elementor-inner-column elementor-element elementor-element-5a7b750 animated-slow elementor-invisible\" data-id=\"5a7b750\" data-element_type=\"column\" data-e-type=\"column\" data-settings=\"{&quot;animation&quot;:&quot;fadeIn&quot;,&quot;animation_delay&quot;:300}\">\n\t\t\t<div class=\"elementor-widget-wrap elementor-element-populated\">\n\t\t\t\t\t\t<div class=\"elementor-element elementor-element-aa04b20 elementor-widget elementor-widget-text-editor\" data-id=\"aa04b20\" data-element_type=\"widget\" data-e-type=\"widget\" data-widget_type=\"text-editor.default\">\n\t\t\t\t<div class=\"elementor-widget-container\">\n\t\t\t\t\t\t\t\t\t2. Escoge de entre todos los veh\u00edculos, detalles, decoraciones y elementos disponibles.\t\t\t\t\t\t\t\t<\/div>\n\t\t\t\t<\/div>\n\t\t\t\t<div class=\"elementor-element elementor-element-0aba228 elementor-widget elementor-widget-image\" data-id=\"0aba228\" data-element_type=\"widget\" data-e-type=\"widget\" data-widget_type=\"image.default\">\n\t\t\t\t<div class=\"elementor-widget-container\">\n\t\t\t\t\t\t\t\t\t\t\t\t\t\t\t<img decoding=\"async\" width=\"1\" height=\"1\" src=\"https:\/\/creaelteuviatge.sagales.com\/wp-content\/uploads\/ovella.svg\" class=\"attachment-large size-large wp-image-5446\" alt=\"\" \/>\t\t\t\t\t\t\t\t\t\t\t\t\t\t\t<\/div>\n\t\t\t\t<\/div>\n\t\t\t\t\t<\/div>\n\t\t<\/div>\n\t\t\t\t<div class=\"elementor-column elementor-col-33 elementor-inner-column elementor-element elementor-element-385b65f animated-slow elementor-invisible\" data-id=\"385b65f\" data-element_type=\"column\" data-e-type=\"column\" data-settings=\"{&quot;animation&quot;:&quot;fadeIn&quot;,&quot;animation_delay&quot;:450}\">\n\t\t\t<div class=\"elementor-widget-wrap elementor-element-populated\">\n\t\t\t\t\t\t<div class=\"elementor-element elementor-element-a847f4a elementor-widget elementor-widget-text-editor\" data-id=\"a847f4a\" data-element_type=\"widget\" data-e-type=\"widget\" data-widget_type=\"text-editor.default\">\n\t\t\t\t<div class=\"elementor-widget-container\">\n\t\t\t\t\t\t\t\t\t3. Ahora que ya has creado tu dibujo personalizado, comp\u00e1rtelo f\u00e1cilmente.\t\t\t\t\t\t\t\t<\/div>\n\t\t\t\t<\/div>\n\t\t\t\t<div class=\"elementor-element elementor-element-1ce1c18 elementor-widget elementor-widget-image\" data-id=\"1ce1c18\" data-element_type=\"widget\" data-e-type=\"widget\" data-widget_type=\"image.default\">\n\t\t\t\t<div class=\"elementor-widget-container\">\n\t\t\t\t\t\t\t\t\t\t\t\t\t\t\t<img decoding=\"async\" width=\"800\" height=\"800\" src=\"https:\/\/creaelteuviatge.sagales.com\/wp-content\/uploads\/pareja.svg\" class=\"attachment-large size-large wp-image-1735\" alt=\"\" \/>\t\t\t\t\t\t\t\t\t\t\t\t\t\t\t<\/div>\n\t\t\t\t<\/div>\n\t\t\t\t\t<\/div>\n\t\t<\/div>\n\t\t\t\t\t<\/div>\n\t\t<\/section>\n\t\t\t\t<div class=\"elementor-element elementor-element-f972b8a elementor-widget elementor-widget-heading\" data-id=\"f972b8a\" data-element_type=\"widget\" data-e-type=\"widget\" data-widget_type=\"heading.default\">\n\t\t\t\t<div class=\"elementor-widget-container\">\n\t\t\t\t\t<h2 class=\"elementor-heading-title elementor-size-default\">IMAGINA TU CIUDAD Y<br>CREALA CON SAGAL\u00c9S<\/h2>\t\t\t\t<\/div>\n\t\t\t\t<\/div>\n\t\t\t\t\t<\/div>\n\t\t<\/div>\n\t\t\t\t\t<\/div>\n\t\t<\/section>\n\t\t\t\t<section class=\"elementor-section elementor-top-section elementor-element elementor-element-22e221a elementor-section-boxed elementor-section-height-default elementor-section-height-default\" data-id=\"22e221a\" data-element_type=\"section\" data-e-type=\"section\">\n\t\t\t\t\t\t<div class=\"elementor-container elementor-column-gap-no\">\n\t\t\t\t\t<div class=\"elementor-column elementor-col-100 elementor-top-column elementor-element elementor-element-11b147e\" data-id=\"11b147e\" data-element_type=\"column\" data-e-type=\"column\">\n\t\t\t<div class=\"elementor-widget-wrap elementor-element-populated\">\n\t\t\t\t\t\t<div class=\"elementor-element elementor-element-ca6a9c4 elementor-align-center elementor-widget elementor-widget-button\" data-id=\"ca6a9c4\" data-element_type=\"widget\" data-e-type=\"widget\" data-widget_type=\"button.default\">\n\t\t\t\t<div class=\"elementor-widget-container\">\n\t\t\t\t\t\t\t\t\t<div class=\"elementor-button-wrapper\">\n\t\t\t\t\t<a class=\"elementor-button elementor-button-link elementor-size-sm\" href=\"\/postals\/\">\n\t\t\t\t\t\t<span class=\"elementor-button-content-wrapper\">\n\t\t\t\t\t\t\t\t\t<span class=\"elementor-button-text\">HAZ CLIC Y COMIENZA<br>A JUGAR CON<br>SAGAL\u00c9S<\/span>\n\t\t\t\t\t<\/span>\n\t\t\t\t\t<\/a>\n\t\t\t\t<\/div>\n\t\t\t\t\t\t\t\t<\/div>\n\t\t\t\t<\/div>\n\t\t\t\t<div class=\"elementor-element elementor-element-d53fcb6 elementor-widget elementor-widget-image\" data-id=\"d53fcb6\" data-element_type=\"widget\" data-e-type=\"widget\" data-widget_type=\"image.default\">\n\t\t\t\t<div class=\"elementor-widget-container\">\n\t\t\t\t\t\t\t\t\t\t\t\t\t\t\t<img loading=\"lazy\" decoding=\"async\" width=\"1\" height=\"1\" src=\"https:\/\/creaelteuviatge.sagales.com\/wp-content\/uploads\/sol-i-lluna.svg\" class=\"attachment-large size-large wp-image-5763\" alt=\"\" \/>\t\t\t\t\t\t\t\t\t\t\t\t\t\t\t<\/div>\n\t\t\t\t<\/div>\n\t\t\t\t<div class=\"elementor-element elementor-element-83233f7 elementor-shape-rounded elementor-grid-0 e-grid-align-center elementor-widget elementor-widget-social-icons\" data-id=\"83233f7\" data-element_type=\"widget\" data-e-type=\"widget\" data-widget_type=\"social-icons.default\">\n\t\t\t\t<div class=\"elementor-widget-container\">\n\t\t\t\t\t\t\t<div class=\"elementor-social-icons-wrapper elementor-grid\" role=\"list\">\n\t\t\t\t\t\t\t<span class=\"elementor-grid-item\" role=\"listitem\">\n\t\t\t\t\t<a class=\"elementor-icon elementor-social-icon elementor-social-icon-facebook-f elementor-animation-grow elementor-repeater-item-411e651\" href=\"https:\/\/www.facebook.com\/sagalesbus\" target=\"_blank\">\n\t\t\t\t\t\t<span class=\"elementor-screen-only\">Facebook-f<\/span>\n\t\t\t\t\t\t<i aria-hidden=\"true\" class=\"fab fa-facebook-f\"><\/i>\t\t\t\t\t<\/a>\n\t\t\t\t<\/span>\n\t\t\t\t\t\t\t<span class=\"elementor-grid-item\" role=\"listitem\">\n\t\t\t\t\t<a class=\"elementor-icon elementor-social-icon elementor-social-icon-twitter elementor-animation-grow elementor-repeater-item-ba75d2f\" href=\"https:\/\/twitter.com\/sagalesbus\" target=\"_blank\">\n\t\t\t\t\t\t<span class=\"elementor-screen-only\">Twitter<\/span>\n\t\t\t\t\t\t<i aria-hidden=\"true\" class=\"fab fa-twitter\"><\/i>\t\t\t\t\t<\/a>\n\t\t\t\t<\/span>\n\t\t\t\t\t\t\t<span class=\"elementor-grid-item\" role=\"listitem\">\n\t\t\t\t\t<a class=\"elementor-icon elementor-social-icon elementor-social-icon-linkedin-in elementor-animation-grow elementor-repeater-item-6db735a\" href=\"https:\/\/www.linkedin.com\/company\/sagales\/\" target=\"_blank\">\n\t\t\t\t\t\t<span class=\"elementor-screen-only\">Linkedin-in<\/span>\n\t\t\t\t\t\t<i aria-hidden=\"true\" class=\"fab fa-linkedin-in\"><\/i>\t\t\t\t\t<\/a>\n\t\t\t\t<\/span>\n\t\t\t\t\t\t\t<span class=\"elementor-grid-item\" role=\"listitem\">\n\t\t\t\t\t<a class=\"elementor-icon elementor-social-icon elementor-social-icon-youtube elementor-animation-grow elementor-repeater-item-71711eb\" href=\"https:\/\/www.youtube.com\/channel\/UCQta5QHWpdgxNAsjCGYJkbA\" target=\"_blank\">\n\t\t\t\t\t\t<span class=\"elementor-screen-only\">Youtube<\/span>\n\t\t\t\t\t\t<i aria-hidden=\"true\" class=\"fab fa-youtube\"><\/i>\t\t\t\t\t<\/a>\n\t\t\t\t<\/span>\n\t\t\t\t\t\t\t<span class=\"elementor-grid-item\" role=\"listitem\">\n\t\t\t\t\t<a class=\"elementor-icon elementor-social-icon elementor-social-icon-instagram elementor-animation-grow elementor-repeater-item-aa07b4a\" href=\"https:\/\/www.instagram.com\/sagales_bus\/\" target=\"_blank\">\n\t\t\t\t\t\t<span class=\"elementor-screen-only\">Instagram<\/span>\n\t\t\t\t\t\t<i aria-hidden=\"true\" class=\"fab fa-instagram\"><\/i>\t\t\t\t\t<\/a>\n\t\t\t\t<\/span>\n\t\t\t\t\t<\/div>\n\t\t\t\t\t\t<\/div>\n\t\t\t\t<\/div>\n\t\t\t\t<div class=\"elementor-element elementor-element-1017e40 elementor-widget elementor-widget-image\" data-id=\"1017e40\" data-element_type=\"widget\" data-e-type=\"widget\" data-widget_type=\"image.default\">\n\t\t\t\t<div class=\"elementor-widget-container\">\n\t\t\t\t\t\t\t\t\t\t\t\t\t\t\t<img loading=\"lazy\" decoding=\"async\" width=\"800\" height=\"800\" src=\"https:\/\/creaelteuviatge.sagales.com\/wp-content\/uploads\/logo-white.svg\" class=\"attachment-large size-large wp-image-1713\" alt=\"\" \/>\t\t\t\t\t\t\t\t\t\t\t\t\t\t\t<\/div>\n\t\t\t\t<\/div>\n\t\t\t\t<div class=\"elementor-element elementor-element-72a07f5 elementor-widget elementor-widget-text-editor\" data-id=\"72a07f5\" data-element_type=\"widget\" data-e-type=\"widget\" data-widget_type=\"text-editor.default\">\n\t\t\t\t<div class=\"elementor-widget-container\">\n\t\t\t\t\t\t\t\t\t<p><a href=\"https:\/\/www.sagales.com\/\" target=\"_blank\" rel=\"noopener\">www.sagales.com<\/a><br \/><a href=\"tel:+34902130014\">902 13 00 14<\/a><\/p>\t\t\t\t\t\t\t\t<\/div>\n\t\t\t\t<\/div>\n\t\t\t\t\t<\/div>\n\t\t<\/div>\n\t\t\t\t\t<\/div>\n\t\t<\/section>\n\t\t\t\t<\/div>\n\t\t","protected":false},"excerpt":{"rendered":"<p>DISE\u00d1ATU MUNDO SAGAL\u00c9S Sagal\u00e9s es transporte y movilidad. Estamos presentes en muchos territorios y operamos muchos tipos de servicios. Entra en nuestro mundo y juega con nosotros a crear tu viaje. 1. Escoge un escenario de entre todos los territorios donde Sagal\u00e9s est\u00e1 presente. 2. Escoge de entre todos los veh\u00edculos, detalles, decoraciones y elementos [&hellip;]<\/p>\n","protected":false},"author":1,"featured_media":0,"parent":0,"menu_order":0,"comment_status":"closed","ping_status":"closed","template":"elementor_header_footer","meta":{"_acf_changed":false,"inline_featured_image":false,"loftloader_page_shortcode":"","footnotes":""},"class_list":["post-18","page","type-page","status-publish","hentry"],"acf":[],"yoast_head":"<!-- This site is optimized with the Yoast SEO plugin v27.5 - https:\/\/yoast.com\/product\/yoast-seo-wordpress\/ -->\n<title>Inicio &#8226; Sagal\u00e9s<\/title>\n<meta name=\"robots\" content=\"noindex, follow, max-snippet:-1, max-image-preview:large, max-video-preview:-1\" \/>\n<meta property=\"og:locale\" content=\"es_ES\" \/>\n<meta property=\"og:type\" content=\"article\" \/>\n<meta property=\"og:title\" content=\"Inicio &#8226; Sagal\u00e9s\" \/>\n<meta property=\"og:description\" content=\"DISE\u00d1ATU MUNDO SAGAL\u00c9S Sagal\u00e9s es transporte y movilidad. Estamos presentes en muchos territorios y operamos muchos tipos de servicios. Entra en nuestro mundo y juega con nosotros a crear tu viaje. 1. Escoge un escenario de entre todos los territorios donde Sagal\u00e9s est\u00e1 presente. 2. Escoge de entre todos los veh\u00edculos, detalles, decoraciones y elementos [&hellip;]\" \/>\n<meta property=\"og:url\" content=\"https:\/\/creaelteuviatge.sagales.com\/es\/\" \/>\n<meta property=\"og:site_name\" content=\"Sagal\u00e9s\" \/>\n<meta property=\"article:publisher\" content=\"https:\/\/www.facebook.com\/sagalesbus\" \/>\n<meta property=\"article:modified_time\" content=\"2022-03-03T15:45:26+00:00\" \/>\n<meta property=\"og:image\" content=\"https:\/\/creaelteuviatge.sagales.com\/wp-content\/uploads\/faro.svg\" \/>\n<meta name=\"twitter:card\" content=\"summary_large_image\" \/>\n<meta name=\"twitter:site\" content=\"@sagalesbus\" \/>\n<meta name=\"twitter:label1\" content=\"Tiempo de lectura\" \/>\n\t<meta name=\"twitter:data1\" content=\"2 minutos\" \/>\n<script type=\"application\/ld+json\" class=\"yoast-schema-graph\">{\"@context\":\"https:\\\/\\\/schema.org\",\"@graph\":[{\"@type\":\"WebPage\",\"@id\":\"https:\\\/\\\/creaelteuviatge.sagales.com\\\/es\\\/\",\"url\":\"https:\\\/\\\/creaelteuviatge.sagales.com\\\/es\\\/\",\"name\":\"Inicio &#8226; Sagal\u00e9s\",\"isPartOf\":{\"@id\":\"https:\\\/\\\/creaelteuviatge.sagales.com\\\/es\\\/#website\"},\"primaryImageOfPage\":{\"@id\":\"https:\\\/\\\/creaelteuviatge.sagales.com\\\/es\\\/#primaryimage\"},\"image\":{\"@id\":\"https:\\\/\\\/creaelteuviatge.sagales.com\\\/es\\\/#primaryimage\"},\"thumbnailUrl\":\"https:\\\/\\\/creaelteuviatge.sagales.com\\\/wp-content\\\/uploads\\\/faro.svg\",\"datePublished\":\"2021-11-09T08:41:35+00:00\",\"dateModified\":\"2022-03-03T15:45:26+00:00\",\"breadcrumb\":{\"@id\":\"https:\\\/\\\/creaelteuviatge.sagales.com\\\/es\\\/#breadcrumb\"},\"inLanguage\":\"es\",\"potentialAction\":[{\"@type\":\"ReadAction\",\"target\":[\"https:\\\/\\\/creaelteuviatge.sagales.com\\\/es\\\/\"]}]},{\"@type\":\"ImageObject\",\"inLanguage\":\"es\",\"@id\":\"https:\\\/\\\/creaelteuviatge.sagales.com\\\/es\\\/#primaryimage\",\"url\":\"https:\\\/\\\/creaelteuviatge.sagales.com\\\/wp-content\\\/uploads\\\/faro.svg\",\"contentUrl\":\"https:\\\/\\\/creaelteuviatge.sagales.com\\\/wp-content\\\/uploads\\\/faro.svg\"},{\"@type\":\"BreadcrumbList\",\"@id\":\"https:\\\/\\\/creaelteuviatge.sagales.com\\\/es\\\/#breadcrumb\",\"itemListElement\":[{\"@type\":\"ListItem\",\"position\":1,\"name\":\"Portada\",\"item\":\"https:\\\/\\\/creaelteuviatge.sagales.com\\\/es\\\/\"},{\"@type\":\"ListItem\",\"position\":2,\"name\":\"Inicio\"}]},{\"@type\":\"WebSite\",\"@id\":\"https:\\\/\\\/creaelteuviatge.sagales.com\\\/es\\\/#website\",\"url\":\"https:\\\/\\\/creaelteuviatge.sagales.com\\\/es\\\/\",\"name\":\"Sagal\u00e9s\",\"description\":\"Descubra todo lo que es Navidad y construya su felicitaci\u00f3n llena de magia e ilusi\u00f3n con Sagal\u00e9s.\",\"publisher\":{\"@id\":\"https:\\\/\\\/creaelteuviatge.sagales.com\\\/es\\\/#organization\"},\"potentialAction\":[{\"@type\":\"SearchAction\",\"target\":{\"@type\":\"EntryPoint\",\"urlTemplate\":\"https:\\\/\\\/creaelteuviatge.sagales.com\\\/es\\\/?s={search_term_string}\"},\"query-input\":{\"@type\":\"PropertyValueSpecification\",\"valueRequired\":true,\"valueName\":\"search_term_string\"}}],\"inLanguage\":\"es\"},{\"@type\":\"Organization\",\"@id\":\"https:\\\/\\\/creaelteuviatge.sagales.com\\\/es\\\/#organization\",\"name\":\"Sagal\u00e9s\",\"url\":\"https:\\\/\\\/creaelteuviatge.sagales.com\\\/es\\\/\",\"logo\":{\"@type\":\"ImageObject\",\"inLanguage\":\"es\",\"@id\":\"https:\\\/\\\/creaelteuviatge.sagales.com\\\/es\\\/#\\\/schema\\\/logo\\\/image\\\/\",\"url\":\"https:\\\/\\\/creaelteuviatge.sagales.com\\\/wp-content\\\/uploads\\\/logo-sagales.png\",\"contentUrl\":\"https:\\\/\\\/creaelteuviatge.sagales.com\\\/wp-content\\\/uploads\\\/logo-sagales.png\",\"width\":270,\"height\":49,\"caption\":\"Sagal\u00e9s\"},\"image\":{\"@id\":\"https:\\\/\\\/creaelteuviatge.sagales.com\\\/es\\\/#\\\/schema\\\/logo\\\/image\\\/\"},\"sameAs\":[\"https:\\\/\\\/www.facebook.com\\\/sagalesbus\",\"https:\\\/\\\/x.com\\\/sagalesbus\",\"https:\\\/\\\/www.instagram.com\\\/sagales_bus\\\/\",\"https:\\\/\\\/www.linkedin.com\\\/company\\\/sagales\\\/\",\"https:\\\/\\\/www.youtube.com\\\/channel\\\/UCQta5QHWpdgxNAsjCGYJkbA\"]}]}<\/script>\n<!-- \/ Yoast SEO plugin. -->","yoast_head_json":{"title":"Inicio &#8226; Sagal\u00e9s","robots":{"index":"noindex","follow":"follow","max-snippet":"max-snippet:-1","max-image-preview":"max-image-preview:large","max-video-preview":"max-video-preview:-1"},"og_locale":"es_ES","og_type":"article","og_title":"Inicio &#8226; Sagal\u00e9s","og_description":"DISE\u00d1ATU MUNDO SAGAL\u00c9S Sagal\u00e9s es transporte y movilidad. Estamos presentes en muchos territorios y operamos muchos tipos de servicios. Entra en nuestro mundo y juega con nosotros a crear tu viaje. 1. Escoge un escenario de entre todos los territorios donde Sagal\u00e9s est\u00e1 presente. 2. Escoge de entre todos los veh\u00edculos, detalles, decoraciones y elementos [&hellip;]","og_url":"https:\/\/creaelteuviatge.sagales.com\/es\/","og_site_name":"Sagal\u00e9s","article_publisher":"https:\/\/www.facebook.com\/sagalesbus","article_modified_time":"2022-03-03T15:45:26+00:00","og_image":[{"url":"https:\/\/creaelteuviatge.sagales.com\/wp-content\/uploads\/faro.svg","type":"","width":"","height":""}],"twitter_card":"summary_large_image","twitter_site":"@sagalesbus","twitter_misc":{"Tiempo de lectura":"2 minutos"},"schema":{"@context":"https:\/\/schema.org","@graph":[{"@type":"WebPage","@id":"https:\/\/creaelteuviatge.sagales.com\/es\/","url":"https:\/\/creaelteuviatge.sagales.com\/es\/","name":"Inicio &#8226; Sagal\u00e9s","isPartOf":{"@id":"https:\/\/creaelteuviatge.sagales.com\/es\/#website"},"primaryImageOfPage":{"@id":"https:\/\/creaelteuviatge.sagales.com\/es\/#primaryimage"},"image":{"@id":"https:\/\/creaelteuviatge.sagales.com\/es\/#primaryimage"},"thumbnailUrl":"https:\/\/creaelteuviatge.sagales.com\/wp-content\/uploads\/faro.svg","datePublished":"2021-11-09T08:41:35+00:00","dateModified":"2022-03-03T15:45:26+00:00","breadcrumb":{"@id":"https:\/\/creaelteuviatge.sagales.com\/es\/#breadcrumb"},"inLanguage":"es","potentialAction":[{"@type":"ReadAction","target":["https:\/\/creaelteuviatge.sagales.com\/es\/"]}]},{"@type":"ImageObject","inLanguage":"es","@id":"https:\/\/creaelteuviatge.sagales.com\/es\/#primaryimage","url":"https:\/\/creaelteuviatge.sagales.com\/wp-content\/uploads\/faro.svg","contentUrl":"https:\/\/creaelteuviatge.sagales.com\/wp-content\/uploads\/faro.svg"},{"@type":"BreadcrumbList","@id":"https:\/\/creaelteuviatge.sagales.com\/es\/#breadcrumb","itemListElement":[{"@type":"ListItem","position":1,"name":"Portada","item":"https:\/\/creaelteuviatge.sagales.com\/es\/"},{"@type":"ListItem","position":2,"name":"Inicio"}]},{"@type":"WebSite","@id":"https:\/\/creaelteuviatge.sagales.com\/es\/#website","url":"https:\/\/creaelteuviatge.sagales.com\/es\/","name":"Sagal\u00e9s","description":"Descubra todo lo que es Navidad y construya su felicitaci\u00f3n llena de magia e ilusi\u00f3n con Sagal\u00e9s.","publisher":{"@id":"https:\/\/creaelteuviatge.sagales.com\/es\/#organization"},"potentialAction":[{"@type":"SearchAction","target":{"@type":"EntryPoint","urlTemplate":"https:\/\/creaelteuviatge.sagales.com\/es\/?s={search_term_string}"},"query-input":{"@type":"PropertyValueSpecification","valueRequired":true,"valueName":"search_term_string"}}],"inLanguage":"es"},{"@type":"Organization","@id":"https:\/\/creaelteuviatge.sagales.com\/es\/#organization","name":"Sagal\u00e9s","url":"https:\/\/creaelteuviatge.sagales.com\/es\/","logo":{"@type":"ImageObject","inLanguage":"es","@id":"https:\/\/creaelteuviatge.sagales.com\/es\/#\/schema\/logo\/image\/","url":"https:\/\/creaelteuviatge.sagales.com\/wp-content\/uploads\/logo-sagales.png","contentUrl":"https:\/\/creaelteuviatge.sagales.com\/wp-content\/uploads\/logo-sagales.png","width":270,"height":49,"caption":"Sagal\u00e9s"},"image":{"@id":"https:\/\/creaelteuviatge.sagales.com\/es\/#\/schema\/logo\/image\/"},"sameAs":["https:\/\/www.facebook.com\/sagalesbus","https:\/\/x.com\/sagalesbus","https:\/\/www.instagram.com\/sagales_bus\/","https:\/\/www.linkedin.com\/company\/sagales\/","https:\/\/www.youtube.com\/channel\/UCQta5QHWpdgxNAsjCGYJkbA"]}]}},"_links":{"self":[{"href":"https:\/\/creaelteuviatge.sagales.com\/es\/wp-json\/wp\/v2\/pages\/18","targetHints":{"allow":["GET"]}}],"collection":[{"href":"https:\/\/creaelteuviatge.sagales.com\/es\/wp-json\/wp\/v2\/pages"}],"about":[{"href":"https:\/\/creaelteuviatge.sagales.com\/es\/wp-json\/wp\/v2\/types\/page"}],"author":[{"embeddable":true,"href":"https:\/\/creaelteuviatge.sagales.com\/es\/wp-json\/wp\/v2\/users\/1"}],"replies":[{"embeddable":true,"href":"https:\/\/creaelteuviatge.sagales.com\/es\/wp-json\/wp\/v2\/comments?post=18"}],"version-history":[{"count":214,"href":"https:\/\/creaelteuviatge.sagales.com\/es\/wp-json\/wp\/v2\/pages\/18\/revisions"}],"predecessor-version":[{"id":6062,"href":"https:\/\/creaelteuviatge.sagales.com\/es\/wp-json\/wp\/v2\/pages\/18\/revisions\/6062"}],"wp:attachment":[{"href":"https:\/\/creaelteuviatge.sagales.com\/es\/wp-json\/wp\/v2\/media?parent=18"}],"curies":[{"name":"wp","href":"https:\/\/api.w.org\/{rel}","templated":true}]}}